{"id":643,"date":"2017-10-19T10:15:09","date_gmt":"2017-10-19T10:15:09","guid":{"rendered":"https:\/\/bronze-alu.com\/bronze-alu-fonderie-aluminum\/"},"modified":"2021-01-20T08:49:19","modified_gmt":"2021-01-20T08:49:19","slug":"bronze-alu-fonderie-aluminum","status":"publish","type":"page","link":"https:\/\/bronze-alu.com\/fr\/","title":{"rendered":"Bronze Alu &#8211; Fonderie Aluminum"},"content":{"rendered":"<div id=\"cs-content\" class=\"cs-content\"><\/div>\n","protected":false},"excerpt":{"rendered":"<p>&nbsp;Des SOLUTIONS INNOVANTES SUR MESURE &nbsp;Des SOLUTIONS INNOVANTES SUR MESURE Bronze ALU en quelques chiffres90ans d&#8217;exp\u00e9rience dans le domaine de la fonderie200plus de 200 employ\u00e9s au sein de Bronze Alu2sites de production en France et Roumanie1 300 000 record annuel de production de pi\u00e8ces 80 %des ventes sont export\u00e9es22000 m\u00b2d&#8217;atelier de production Nos dates cl\u00e9s&nbsp;1927 &#8211; Cr\u00e9ation de l&#8217;entrepriseFondation en &#8230; <\/p>\n<div><a href=\"https:\/\/bronze-alu.com\/fr\/\" class=\"more-link\">Read More<\/a><\/div>\n","protected":false},"author":1,"featured_media":0,"parent":0,"menu_order":0,"comment_status":"closed","ping_status":"closed","template":"template-blank-4.php","meta":{"footnotes":""},"class_list":["post-643","page","type-page","status-publish","hentry","no-post-thumbnail"],"aioseo_notices":[],"_links":{"self":[{"href":"https:\/\/bronze-alu.com\/fr\/wp-json\/wp\/v2\/pages\/643","targetHints":{"allow":["GET"]}}],"collection":[{"href":"https:\/\/bronze-alu.com\/fr\/wp-json\/wp\/v2\/pages"}],"about":[{"href":"https:\/\/bronze-alu.com\/fr\/wp-json\/wp\/v2\/types\/page"}],"author":[{"embeddable":true,"href":"https:\/\/bronze-alu.com\/fr\/wp-json\/wp\/v2\/users\/1"}],"replies":[{"embeddable":true,"href":"https:\/\/bronze-alu.com\/fr\/wp-json\/wp\/v2\/comments?post=643"}],"version-history":[{"count":32,"href":"https:\/\/bronze-alu.com\/fr\/wp-json\/wp\/v2\/pages\/643\/revisions"}],"predecessor-version":[{"id":8330,"href":"https:\/\/bronze-alu.com\/fr\/wp-json\/wp\/v2\/pages\/643\/revisions\/8330"}],"wp:attachment":[{"href":"https:\/\/bronze-alu.com\/fr\/wp-json\/wp\/v2\/media?parent=643"}],"curies":[{"name":"wp","href":"https:\/\/api.w.org\/{rel}","templated":true}]}}