{"id":7967,"date":"2017-10-19T10:15:09","date_gmt":"2017-10-19T10:15:09","guid":{"rendered":"http:\/\/bronze-alu.com\/bronze-alu-fonderie-aluminum\/"},"modified":"2021-01-20T08:51:39","modified_gmt":"2021-01-20T08:51:39","slug":"bronze-alu-fonderie-aluminum","status":"publish","type":"page","link":"https:\/\/bronze-alu.com\/de\/","title":{"rendered":"Bronze Alu &#8211; Fonderie Aluminum"},"content":{"rendered":"<div id=\"cs-content\" class=\"cs-content\"><\/div>\n","protected":false},"excerpt":{"rendered":"<p>&nbsp;Angepasste innovative L\u00f6sungen &nbsp;TAILORED INNOVATIVE SOLUTIONS Bronze ALU in einigen Zahlen90Mehr als 90 Jahre Erfahrung in der Gie\u00dfereiarbeit200Mehr als 200 Mitarbeiter innerhalb Bronze Alu22 Produktionsorte in Frankreich und Rum\u00e4nien1 300 000 hergestellte Teile80 %Verk\u00e4ufe werden exportiert22 000 m\u00b2Fertigungsfl\u00e4che Unsere Schl\u00fcsseldaten&nbsp;1927 &#8211; FIRMENGR\u00dcNDUNGGr\u00fcndung der KUPFER-ALUMINIUM Gie\u00dferei in Frankreich von Marcel SCHAAD und seinem Bruder.1958 &#8211; Die Firma wird in \u2018Bronze Acior\u2019 &#8230; <\/p>\n<div><a href=\"https:\/\/bronze-alu.com\/de\/\" class=\"more-link\">Read More<\/a><\/div>\n","protected":false},"author":1,"featured_media":0,"parent":0,"menu_order":0,"comment_status":"closed","ping_status":"closed","template":"template-blank-4.php","meta":{"footnotes":""},"class_list":["post-7967","page","type-page","status-publish","hentry","no-post-thumbnail"],"aioseo_notices":[],"_links":{"self":[{"href":"https:\/\/bronze-alu.com\/de\/wp-json\/wp\/v2\/pages\/7967","targetHints":{"allow":["GET"]}}],"collection":[{"href":"https:\/\/bronze-alu.com\/de\/wp-json\/wp\/v2\/pages"}],"about":[{"href":"https:\/\/bronze-alu.com\/de\/wp-json\/wp\/v2\/types\/page"}],"author":[{"embeddable":true,"href":"https:\/\/bronze-alu.com\/de\/wp-json\/wp\/v2\/users\/1"}],"replies":[{"embeddable":true,"href":"https:\/\/bronze-alu.com\/de\/wp-json\/wp\/v2\/comments?post=7967"}],"version-history":[{"count":12,"href":"https:\/\/bronze-alu.com\/de\/wp-json\/wp\/v2\/pages\/7967\/revisions"}],"predecessor-version":[{"id":8332,"href":"https:\/\/bronze-alu.com\/de\/wp-json\/wp\/v2\/pages\/7967\/revisions\/8332"}],"wp:attachment":[{"href":"https:\/\/bronze-alu.com\/de\/wp-json\/wp\/v2\/media?parent=7967"}],"curies":[{"name":"wp","href":"https:\/\/api.w.org\/{rel}","templated":true}]}}